{"id":91,"date":"2025-05-15T15:10:23","date_gmt":"2025-05-15T13:10:23","guid":{"rendered":"https:\/\/carmoovix.fr\/?page_id=91"},"modified":"2025-11-13T08:35:34","modified_gmt":"2025-11-13T07:35:34","slug":"les-clubs","status":"publish","type":"page","link":"https:\/\/carmoovix.fr\/?page_id=91","title":{"rendered":"Les clubs"},"content":{"rendered":"\n<p class=\"has-text-align-center has-system-sans-serif-font-family has-x-large-font-size\"><strong>Les Clubs<\/strong><\/p>\n\n\n\n<details class=\"wp-block-details is-layout-flow wp-block-details-is-layout-flow\"><summary>La plateforme permet une gestion flexible des clubs avec plusieurs gestionnaires, int\u00e8gre un syst\u00e8me de validation des demandes de rattachement, offre une vue compl\u00e8te de la liste des membres ainsi qu\u2019une carte g\u00e9ographique interactive bas\u00e9e sur les codes postaux.<\/summary>\n<p><\/p>\n<\/details>\n\n\n\n<figure class=\"wp-block-gallery has-nested-images columns-default is-cropped wp-block-gallery-6 is-layout-flex wp-block-gallery-is-layout-flex\">\n<figure data-wp-context=\"{&quot;imageId&quot;:&quot;69f6997a2ecac&quot;}\" data-wp-interactive=\"core\/image\" data-wp-key=\"69f6997a2ecac\" class=\"wp-block-image size-large is-style-rounded is-style-rounded--1 wp-lightbox-container\" style=\"margin-top:var(--wp--preset--spacing--20);margin-right:var(--wp--preset--spacing--10);margin-bottom:var(--wp--preset--spacing--20);margin-left:var(--wp--preset--spacing--10)\"><img loading=\"lazy\" decoding=\"async\" width=\"472\" height=\"1024\" data-wp-class--hide=\"state.isContentHidden\" data-wp-class--show=\"state.isContentVisible\" data-wp-init=\"callbacks.setButtonStyles\" data-wp-on--click=\"actions.showLightbox\" data-wp-on--load=\"callbacks.setButtonStyles\" data-wp-on-window--resize=\"callbacks.setButtonStyles\" data-id=\"303\" src=\"https:\/\/carmoovix.fr\/wp-content\/uploads\/2025\/04\/Clubs_Liste_Clubs-1-472x1024.jpg\" alt=\"\" class=\"wp-image-303\" srcset=\"https:\/\/carmoovix.fr\/wp-content\/uploads\/2025\/04\/Clubs_Liste_Clubs-1-472x1024.jpg 472w, https:\/\/carmoovix.fr\/wp-content\/uploads\/2025\/04\/Clubs_Liste_Clubs-1-138x300.jpg 138w, https:\/\/carmoovix.fr\/wp-content\/uploads\/2025\/04\/Clubs_Liste_Clubs-1.jpg 590w\" sizes=\"auto, (max-width: 472px) 100vw, 472px\" \/><button\n\t\t\tclass=\"lightbox-trigger\"\n\t\t\ttype=\"button\"\n\t\t\taria-haspopup=\"dialog\"\n\t\t\taria-label=\"Agrandir\"\n\t\t\tdata-wp-init=\"callbacks.initTriggerButton\"\n\t\t\tdata-wp-on--click=\"actions.showLightbox\"\n\t\t\tdata-wp-style--right=\"state.imageButtonRight\"\n\t\t\tdata-wp-style--top=\"state.imageButtonTop\"\n\t\t>\n\t\t\t<svg xmlns=\"http:\/\/www.w3.org\/2000\/svg\" width=\"12\" height=\"12\" fill=\"none\" viewBox=\"0 0 12 12\">\n\t\t\t\t<path fill=\"#fff\" d=\"M2 0a2 2 0 0 0-2 2v2h1.5V2a.5.5 0 0 1 .5-.5h2V0H2Zm2 10.5H2a.5.5 0 0 1-.5-.5V8H0v2a2 2 0 0 0 2 2h2v-1.5ZM8 12v-1.5h2a.5.5 0 0 0 .5-.5V8H12v2a2 2 0 0 1-2 2H8Zm2-12a2 2 0 0 1 2 2v2h-1.5V2a.5.5 0 0 0-.5-.5H8V0h2Z\" \/>\n\t\t\t<\/svg>\n\t\t<\/button><figcaption class=\"wp-element-caption\"><strong>La liste des clubs<\/strong><\/figcaption><\/figure>\n\n\n\n<figure data-wp-context=\"{&quot;imageId&quot;:&quot;69f6997a2f74a&quot;}\" data-wp-interactive=\"core\/image\" data-wp-key=\"69f6997a2f74a\" class=\"wp-block-image size-large is-style-rounded is-style-rounded--2 wp-lightbox-container\" style=\"margin-top:var(--wp--preset--spacing--20);margin-right:var(--wp--preset--spacing--10);margin-bottom:var(--wp--preset--spacing--20);margin-left:var(--wp--preset--spacing--10)\"><img loading=\"lazy\" decoding=\"async\" width=\"472\" height=\"1024\" data-wp-class--hide=\"state.isContentHidden\" data-wp-class--show=\"state.isContentVisible\" data-wp-init=\"callbacks.setButtonStyles\" data-wp-on--click=\"actions.showLightbox\" data-wp-on--load=\"callbacks.setButtonStyles\" data-wp-on-window--resize=\"callbacks.setButtonStyles\" data-id=\"93\" src=\"https:\/\/carmoovix.fr\/wp-content\/uploads\/2025\/05\/Menu_Club-472x1024.jpg\" alt=\"\" class=\"wp-image-93\" srcset=\"https:\/\/carmoovix.fr\/wp-content\/uploads\/2025\/05\/Menu_Club-472x1024.jpg 472w, https:\/\/carmoovix.fr\/wp-content\/uploads\/2025\/05\/Menu_Club-138x300.jpg 138w, https:\/\/carmoovix.fr\/wp-content\/uploads\/2025\/05\/Menu_Club.jpg 590w\" sizes=\"auto, (max-width: 472px) 100vw, 472px\" \/><button\n\t\t\tclass=\"lightbox-trigger\"\n\t\t\ttype=\"button\"\n\t\t\taria-haspopup=\"dialog\"\n\t\t\taria-label=\"Agrandir\"\n\t\t\tdata-wp-init=\"callbacks.initTriggerButton\"\n\t\t\tdata-wp-on--click=\"actions.showLightbox\"\n\t\t\tdata-wp-style--right=\"state.imageButtonRight\"\n\t\t\tdata-wp-style--top=\"state.imageButtonTop\"\n\t\t>\n\t\t\t<svg xmlns=\"http:\/\/www.w3.org\/2000\/svg\" width=\"12\" height=\"12\" fill=\"none\" viewBox=\"0 0 12 12\">\n\t\t\t\t<path fill=\"#fff\" d=\"M2 0a2 2 0 0 0-2 2v2h1.5V2a.5.5 0 0 1 .5-.5h2V0H2Zm2 10.5H2a.5.5 0 0 1-.5-.5V8H0v2a2 2 0 0 0 2 2h2v-1.5ZM8 12v-1.5h2a.5.5 0 0 0 .5-.5V8H12v2a2 2 0 0 1-2 2H8Zm2-12a2 2 0 0 1 2 2v2h-1.5V2a.5.5 0 0 0-.5-.5H8V0h2Z\" \/>\n\t\t\t<\/svg>\n\t\t<\/button><figcaption class=\"wp-element-caption\"><strong>la gestion des membres du club<\/strong><\/figcaption><\/figure>\n\n\n\n<figure class=\"wp-block-image size-full is-style-rounded is-style-rounded--3\" style=\"margin-top:var(--wp--preset--spacing--20);margin-right:var(--wp--preset--spacing--10);margin-bottom:var(--wp--preset--spacing--20);margin-left:var(--wp--preset--spacing--10)\"><img loading=\"lazy\" decoding=\"async\" width=\"295\" height=\"640\" data-id=\"309\" src=\"https:\/\/carmoovix.fr\/wp-content\/uploads\/2025\/08\/Menu_Club.jpg\" alt=\"\" class=\"wp-image-309\" srcset=\"https:\/\/carmoovix.fr\/wp-content\/uploads\/2025\/08\/Menu_Club.jpg 295w, https:\/\/carmoovix.fr\/wp-content\/uploads\/2025\/08\/Menu_Club-138x300.jpg 138w\" sizes=\"auto, (max-width: 295px) 100vw, 295px\" \/><figcaption class=\"wp-element-caption\"><strong>La gestion des demandes d&rsquo;adh\u00e9sions.<\/strong><\/figcaption><\/figure>\n\n\n\n<figure class=\"wp-block-image size-full is-style-rounded is-style-rounded--4\" style=\"margin-top:var(--wp--preset--spacing--20);margin-right:var(--wp--preset--spacing--10);margin-bottom:var(--wp--preset--spacing--20);margin-left:var(--wp--preset--spacing--10)\"><img loading=\"lazy\" decoding=\"async\" width=\"295\" height=\"640\" data-id=\"311\" src=\"https:\/\/carmoovix.fr\/wp-content\/uploads\/2025\/08\/Menu_Club_2.jpg\" alt=\"\" class=\"wp-image-311\" srcset=\"https:\/\/carmoovix.fr\/wp-content\/uploads\/2025\/08\/Menu_Club_2.jpg 295w, https:\/\/carmoovix.fr\/wp-content\/uploads\/2025\/08\/Menu_Club_2-138x300.jpg 138w\" sizes=\"auto, (max-width: 295px) 100vw, 295px\" \/><figcaption class=\"wp-element-caption\"><strong>La situation g\u00e9ographique des membres (bas\u00e9e uniquement sur le code postal) et visible uniquement par les membres du club.<\/strong><\/figcaption><\/figure>\n\n\n\n<figure class=\"wp-block-image size-full is-style-rounded is-style-rounded--5\" style=\"margin-top:var(--wp--preset--spacing--20);margin-right:var(--wp--preset--spacing--10);margin-bottom:var(--wp--preset--spacing--20);margin-left:var(--wp--preset--spacing--10)\"><img loading=\"lazy\" decoding=\"async\" width=\"300\" height=\"649\" data-id=\"397\" src=\"https:\/\/carmoovix.fr\/wp-content\/uploads\/2025\/11\/Carte_Membres.jpg\" alt=\"\" class=\"wp-image-397\" srcset=\"https:\/\/carmoovix.fr\/wp-content\/uploads\/2025\/11\/Carte_Membres.jpg 300w, https:\/\/carmoovix.fr\/wp-content\/uploads\/2025\/11\/Carte_Membres-139x300.jpg 139w\" sizes=\"auto, (max-width: 300px) 100vw, 300px\" \/><figcaption class=\"wp-element-caption\">Screenshot<\/figcaption><\/figure>\n<\/figure>\n","protected":false},"excerpt":{"rendered":"<p>Les Clubs<\/p>\n","protected":false},"author":1,"featured_media":0,"parent":0,"menu_order":0,"comment_status":"closed","ping_status":"closed","template":"","meta":{"footnotes":""},"class_list":["post-91","page","type-page","status-publish","hentry"],"_links":{"self":[{"href":"https:\/\/carmoovix.fr\/index.php?rest_route=\/wp\/v2\/pages\/91","targetHints":{"allow":["GET"]}}],"collection":[{"href":"https:\/\/carmoovix.fr\/index.php?rest_route=\/wp\/v2\/pages"}],"about":[{"href":"https:\/\/carmoovix.fr\/index.php?rest_route=\/wp\/v2\/types\/page"}],"author":[{"embeddable":true,"href":"https:\/\/carmoovix.fr\/index.php?rest_route=\/wp\/v2\/users\/1"}],"replies":[{"embeddable":true,"href":"https:\/\/carmoovix.fr\/index.php?rest_route=%2Fwp%2Fv2%2Fcomments&post=91"}],"version-history":[{"count":9,"href":"https:\/\/carmoovix.fr\/index.php?rest_route=\/wp\/v2\/pages\/91\/revisions"}],"predecessor-version":[{"id":398,"href":"https:\/\/carmoovix.fr\/index.php?rest_route=\/wp\/v2\/pages\/91\/revisions\/398"}],"wp:attachment":[{"href":"https:\/\/carmoovix.fr\/index.php?rest_route=%2Fwp%2Fv2%2Fmedia&parent=91"}],"curies":[{"name":"wp","href":"https:\/\/api.w.org\/{rel}","templated":true}]}}