{"id":435,"date":"2025-11-25T13:54:15","date_gmt":"2025-11-25T12:54:15","guid":{"rendered":"https:\/\/carmoovix.fr\/?page_id=435"},"modified":"2025-12-01T10:51:46","modified_gmt":"2025-12-01T09:51:46","slug":"mise-a-jour-10-0-21","status":"publish","type":"page","link":"https:\/\/carmoovix.fr\/?page_id=435","title":{"rendered":"Mise \u00e0 jour 10.0.21"},"content":{"rendered":"\n<h1 class=\"wp-block-heading has-x-large-font-size\">\ud83c\udd95 CarMooVix \u2013 10.0.21<\/h1>\n\n\n\n<p>2\/12\/2025<\/p>\n\n\n\n<p>Nous sommes heureux de vous pr\u00e9senter les derni\u00e8res am\u00e9liorations et nouveaut\u00e9s de CarMooVix. Cette mise \u00e0 jour vise \u00e0 enrichir votre exp\u00e9rience utilisateur, \u00e0 faciliter la gestion des sorties et repas, et \u00e0 renforcer l\u2019interaction avec les \u00e9tablissements partenaires.<\/p>\n\n\n\n<hr class=\"wp-block-separator has-alpha-channel-opacity\"\/>\n\n\n\n<p><strong>\ud83d\udd14 D\u00e9tection automatique des mises \u00e0 jour<\/strong><\/p>\n\n\n\n<p>Pour vous assurer de toujours profiter des derni\u00e8res fonctionnalit\u00e9s et correctifs, l\u2019application d\u00e9tecte d\u00e9sormais automatiquement lorsqu\u2019une nouvelle version est disponible.<\/p>\n\n\n\n<ul class=\"wp-block-list\">\n<li>Si votre application n\u2019est pas \u00e0 jour, un message s\u2019affichera d\u00e8s le lancement.<\/li>\n\n\n\n<li>Un simple clic vous redirigera directement vers la page de mise \u00e0 jour adapt\u00e9e \u00e0 votre smartphone.<\/li>\n<\/ul>\n\n\n\n<p>Cette fonctionnalit\u00e9 vous garantit de ne jamais manquer les derni\u00e8res am\u00e9liorations de CarMooVix.<\/p>\n\n\n\n<ul class=\"wp-block-list\">\n<li><\/li>\n<\/ul>\n\n\n\n<h2 class=\"wp-block-heading has-x-large-font-size\">\ud83e\uddea Mode D\u00e9mo<\/h2>\n\n\n\n<p>Nous avons ajout\u00e9 un <strong>mode D\u00e9mo<\/strong> pour d\u00e9couvrir l\u2019application sans engagement. Ce mode est id\u00e9al pour explorer toutes les fonctionnalit\u00e9s, que vous soyez participant ou organisateur de sorties.<\/p>\n\n\n\n<h3 class=\"wp-block-heading\">Comment l\u2019activer :<\/h3>\n\n\n\n<ol class=\"wp-block-list\">\n<li>\u00c0 l\u2019inscription, vous pouvez choisir d\u2019explorer le mode D\u00e9mo.<\/li>\n\n\n\n<li>Depuis l\u2019\u00e9cran principal, un bouton <strong>\u00ab Demo \u00bb<\/strong> est d\u00e9sormais disponible en bas de l\u2019\u00e9cran.<\/li>\n<\/ol>\n\n\n\n<p>Apr\u00e8s confirmation, vous serez reconnect\u00e9 \u00e0 CarMooVix en <strong>mode d\u00e9monstration<\/strong>, ce qui vous permet de :<\/p>\n\n\n\n<ul class=\"wp-block-list\">\n<li>Visualiser les fonctionnalit\u00e9s de l\u2019application.<\/li>\n\n\n\n<li>Tester la gestion et la participation aux sorties.<\/li>\n<\/ul>\n\n\n\n<p>Pour revenir au mode classique ou \u00e0 votre compte, il suffit d\u2019appuyer sur <strong>\u00ab Demo fin \u00bb<\/strong> .<\/p>\n\n\n\n<p>Si vous \u00eates d\u00e9j\u00e0 inscrit sur CarMooVix, il vous suffit d&rsquo;appuyer sur le bouton d\u00e9mo.<\/p>\n\n\n\n<p>Le mode D\u00e9mo offre un aper\u00e7u de CarMooVix sans modifier vos donn\u00e9es r\u00e9elles.<\/p>\n\n\n\n<hr class=\"wp-block-separator has-alpha-channel-opacity\"\/>\n\n\n\n<h2 class=\"wp-block-heading has-x-large-font-size\">\ud83c\udf7d\ufe0f Am\u00e9lioration des sorties et gestion des repas<\/h2>\n\n\n\n<p>Pour faciliter le travail des restaurateurs et am\u00e9liorer l\u2019exp\u00e9rience des participants, chaque plat est d\u00e9sormais <strong>associ\u00e9 \u00e0 une couleur sp\u00e9cifique<\/strong>.<\/p>\n\n\n\n<ul class=\"wp-block-list\">\n<li>Chaque service (d\u00e9jeuner, d\u00eener) dispose de <strong>3 entr\u00e9es, 3 plats et 3 desserts<\/strong>, chacun identifi\u00e9 par une couleur unique.<\/li>\n\n\n\n<li>Un petit support peut \u00eatre plac\u00e9 sur la table pour afficher les choix de chaque participant.<\/li>\n\n\n\n<li>Les serveurs peuvent ainsi identifier rapidement et facilement les choix de plats de chacun.<\/li>\n<\/ul>\n\n\n\n<p>Cette fonctionnalit\u00e9 rend la gestion des repas plus claire, fluide et agr\u00e9able pour tous, tout en r\u00e9duisant les erreurs et en optimisant le service.<\/p>\n\n\n\n<figure class=\"wp-block-image size-large\"><img loading=\"lazy\" decoding=\"async\" width=\"1024\" height=\"683\" src=\"https:\/\/carmoovix.fr\/wp-content\/uploads\/2025\/11\/Resto_Service-1024x683.png\" alt=\"\" class=\"wp-image-440\" srcset=\"https:\/\/carmoovix.fr\/wp-content\/uploads\/2025\/11\/Resto_Service-1024x683.png 1024w, https:\/\/carmoovix.fr\/wp-content\/uploads\/2025\/11\/Resto_Service-300x200.png 300w, https:\/\/carmoovix.fr\/wp-content\/uploads\/2025\/11\/Resto_Service-768x512.png 768w, https:\/\/carmoovix.fr\/wp-content\/uploads\/2025\/11\/Resto_Service.png 1248w\" sizes=\"auto, (max-width: 1024px) 100vw, 1024px\" \/><\/figure>\n\n\n\n<hr class=\"wp-block-separator has-alpha-channel-opacity\"\/>\n\n\n\n<h2 class=\"wp-block-heading has-x-large-font-size\">Nouveau module : \u00c9tablissements partenaires<\/h2>\n\n\n\n<p>Nous lan\u00e7ons un <strong>nouveau module d\u00e9di\u00e9 aux \u00e9tablissements souhaitant rejoindre CarMooVix<\/strong>, incluant les h\u00f4tels, restaurants et autres lieux de services.<\/p>\n\n\n\n<h3 class=\"wp-block-heading\">Fonctionnalit\u00e9s principales :<\/h3>\n\n\n\n<ul class=\"wp-block-list\">\n<li>Les \u00e9tablissements peuvent pr\u00e9senter leurs services sur la plateforme.<\/li>\n\n\n\n<li>Pour la partie h\u00f4tellerie et restauration, <strong>avec votre accord<\/strong>, ils peuvent acc\u00e9der aux choix des participants concernant vos sorties.<\/li>\n\n\n\n<li>Cette fonctionnalit\u00e9 permet aux \u00e9tablissements d\u2019adapter leurs offres et services en fonction des pr\u00e9f\u00e9rences r\u00e9elles des participants.<\/li>\n<\/ul>\n\n\n\n<p class=\"has-medium-font-size\">Une vid\u00e9o explicative est disponible pour d\u00e9couvrir toutes les possibilit\u00e9s offertes par ce nouveau module <a href=\"https:\/\/youtu.be\/PUIch2lg1XU\" data-type=\"link\" data-id=\"https:\/\/youtu.be\/PUIch2lg1XU\"><strong>ici<\/strong><\/a>.<\/p>\n\n\n\n<hr class=\"wp-block-separator has-alpha-channel-opacity\"\/>\n\n\n\n<p>Nous esp\u00e9rons que ces nouveaut\u00e9s am\u00e9lioreront votre exp\u00e9rience sur CarMooVix et faciliteront vos sorties et d\u00e9couvertes.<br>Merci de faire partie de notre communaut\u00e9 et de contribuer \u00e0 rendre chaque sortie plus agr\u00e9able et mieux organis\u00e9e !<\/p>\n\n\n\n<p><\/p>\n","protected":false},"excerpt":{"rendered":"<p>\ud83c\udd95 CarMooVix \u2013 10.0.21 2\/12\/2025 Nous sommes heureux de vous pr\u00e9senter les derni\u00e8res am\u00e9liorations et nouveaut\u00e9s de CarMooVix. Cette mise \u00e0 jour vise \u00e0 enrichir votre exp\u00e9rience utilisateur, \u00e0 faciliter la gestion des sorties et repas, et \u00e0 renforcer l\u2019interaction avec les \u00e9tablissements partenaires. \ud83d\udd14 D\u00e9tection automatique des mises \u00e0 jour Pour vous assurer de [&hellip;]<\/p>\n","protected":false},"author":1,"featured_media":0,"parent":0,"menu_order":0,"comment_status":"closed","ping_status":"closed","template":"","meta":{"footnotes":""},"class_list":["post-435","page","type-page","status-publish","hentry"],"_links":{"self":[{"href":"https:\/\/carmoovix.fr\/index.php?rest_route=\/wp\/v2\/pages\/435","targetHints":{"allow":["GET"]}}],"collection":[{"href":"https:\/\/carmoovix.fr\/index.php?rest_route=\/wp\/v2\/pages"}],"about":[{"href":"https:\/\/carmoovix.fr\/index.php?rest_route=\/wp\/v2\/types\/page"}],"author":[{"embeddable":true,"href":"https:\/\/carmoovix.fr\/index.php?rest_route=\/wp\/v2\/users\/1"}],"replies":[{"embeddable":true,"href":"https:\/\/carmoovix.fr\/index.php?rest_route=%2Fwp%2Fv2%2Fcomments&post=435"}],"version-history":[{"count":12,"href":"https:\/\/carmoovix.fr\/index.php?rest_route=\/wp\/v2\/pages\/435\/revisions"}],"predecessor-version":[{"id":456,"href":"https:\/\/carmoovix.fr\/index.php?rest_route=\/wp\/v2\/pages\/435\/revisions\/456"}],"wp:attachment":[{"href":"https:\/\/carmoovix.fr\/index.php?rest_route=%2Fwp%2Fv2%2Fmedia&parent=435"}],"curies":[{"name":"wp","href":"https:\/\/api.w.org\/{rel}","templated":true}]}}