{"id":262,"date":"2025-06-24T09:35:00","date_gmt":"2025-06-24T07:35:00","guid":{"rendered":"https:\/\/carmoovix.fr\/?page_id=262"},"modified":"2026-03-30T11:33:01","modified_gmt":"2026-03-30T09:33:01","slug":"sorties_activation","status":"publish","type":"page","link":"https:\/\/carmoovix.fr\/?page_id=262","title":{"rendered":"Sorties_Activation"},"content":{"rendered":"\n<p><strong>Processus de Pr\u00e9-Inscriptions \/ Inscriptions pour une Sortie<\/strong><\/p>\n\n\n\n<p><strong>Visibilit\u00e9 de votre sortie par les membres du club :<\/strong><\/p>\n\n\n\n<p>Sur la fiche de votre sortie, trois s\u00e9lecteurs sont disponibles :<br><strong>\u00ab\u00a0Teaser\u00a0\u00bb<\/strong>,  <strong>\u00ab\u00a0Pr\u00e9-inscriptions ouvertes\u00a0\u00bb<\/strong> et <strong>\u00ab\u00a0Inscriptions ouvertes\u00a0\u00bb<\/strong>.<\/p>\n\n\n\n<p>\ud83d\udc49 <strong>Important :<\/strong> Si <strong>aucun<\/strong> de ces 3 s\u00e9lecteurs n\u2019est activ\u00e9 (en vert), <strong>la sortie n\u2019appara\u00eet pas<\/strong> dans la liste visible par les membres du club.<\/p>\n\n\n\n<p>\u26a0\ufe0f <strong>Remarque :<\/strong> La pr\u00e9-inscription n\u2019est pas obligatoire. Vous pouvez donc passer directement \u00e0 l\u2019ouverture des inscriptions sans activer la phase de pr\u00e9-inscription.<\/p>\n\n\n\n<p>De plus, les <strong>organisateurs sont automatiquement pr\u00e9-inscrits ou inscrits<\/strong> en fonction de l\u2019option retenue pour la sortie.<\/p>\n\n\n\n<hr class=\"wp-block-separator has-alpha-channel-opacity\"\/>\n\n\n\n<p><strong>\ud83d\udfe2 S\u00e9lecteur : <em>Teaser<\/em><\/strong><\/p>\n\n\n\n<p>Lorsque ce s\u00e9lecteur est activ\u00e9 et que vous enregistrez la fiche :<\/p>\n\n\n\n<ul class=\"wp-block-list\">\n<li>Votre sortie sera affich\u00e9e avec la mention \u00ab\u00a0Prochainement\u00a0\u00bb et aucune action des membres du club ne sera possible.<br>(Si le lien vers le forum a \u00e9t\u00e9 renseign\u00e9 dans la fiche de sortie, alors un clic sur la sortie redirigera le membre du club vers le forum.)<\/li>\n<\/ul>\n\n\n\n<p><strong>\ud83d\udfe2 S\u00e9lecteur : <em>Pr\u00e9-inscriptions ouvertes<\/em><\/strong><\/p>\n\n\n\n<p>Lorsque ce s\u00e9lecteur est activ\u00e9 et que vous enregistrez la fiche :<\/p>\n\n\n\n<ul class=\"wp-block-list\">\n<li>Une <strong>notification<\/strong> est envoy\u00e9e \u00e0 tous les membres du club.<\/li>\n\n\n\n<li>En cliquant sur la notification, les membres peuvent acc\u00e9der directement \u00e0 la page de <strong>pr\u00e9-inscription<\/strong> de la sortie.<\/li>\n<\/ul>\n\n\n\n<hr class=\"wp-block-separator has-alpha-channel-opacity\"\/>\n\n\n\n<p><strong>\ud83d\udfe2 S\u00e9lecteur : <em>Inscriptions ouvertes<\/em><\/strong><\/p>\n\n\n\n<p>Lorsque ce s\u00e9lecteur est activ\u00e9 et la fiche enregistr\u00e9e :<\/p>\n\n\n\n<ul class=\"wp-block-list\">\n<li>Les <strong>pr\u00e9-inscriptions sont automatiquement ferm\u00e9es<\/strong>.<\/li>\n\n\n\n<li>Seuls les <strong>membres d\u00e9j\u00e0 pr\u00e9-inscrits<\/strong> peuvent confirmer leur inscription ou annuler leur pr\u00e9-inscription jusqu\u2019\u00e0 la <strong>date limite<\/strong> d\u00e9finie sous ce s\u00e9lecteur.<\/li>\n<\/ul>\n\n\n\n<p>\u00c0 l\u2019issue de cette date :<\/p>\n\n\n\n<ul class=\"wp-block-list\">\n<li>Les pr\u00e9-inscrits <strong>non confirm\u00e9s<\/strong> sont automatiquement supprim\u00e9s.<\/li>\n\n\n\n<li>Les pr\u00e9-inscrits <strong>en attente<\/strong> (le cas \u00e9ch\u00e9ant) disposent de <strong>2 jours<\/strong> pour confirmer leur inscription.<\/li>\n\n\n\n<li>Pass\u00e9 ce d\u00e9lai, <strong>tous les membres<\/strong> peuvent s\u2019inscrire, dans la limite du quota pr\u00e9vu (liste d\u2019attente activ\u00e9e si quota atteint).<\/li>\n<\/ul>\n\n\n\n<hr class=\"wp-block-separator has-alpha-channel-opacity\"\/>\n\n\n\n<p><strong>\ud83d\uded1 S\u00e9lecteur : <em>Participants bloqu\u00e9s<\/em><\/strong><\/p>\n\n\n\n<p>Quand ce s\u00e9lecteur est activ\u00e9, les actions suivantes sont <strong>d\u00e9sactiv\u00e9es<\/strong> :<\/p>\n\n\n\n<ul class=\"wp-block-list\">\n<li>Pr\u00e9-inscriptions<\/li>\n\n\n\n<li>Inscriptions<\/li>\n\n\n\n<li>Choix des options <strong>restauration<\/strong> (si disponibles)<\/li>\n\n\n\n<li>Choix des options <strong>h\u00f4tellerie<\/strong> (si disponibles)<\/li>\n\n\n\n<li>Acc\u00e8s au module <strong>finances<\/strong> pour les inscrits<\/li>\n\n\n\n<li>Acc\u00e8s au module <strong>Visites<\/strong> pour les inscrits<\/li>\n<\/ul>\n","protected":false},"excerpt":{"rendered":"<p>Processus de Pr\u00e9-Inscriptions \/ Inscriptions pour une Sortie Visibilit\u00e9 de votre sortie par les membres du club : Sur la fiche de votre sortie, trois s\u00e9lecteurs sont disponibles :\u00ab\u00a0Teaser\u00a0\u00bb, \u00ab\u00a0Pr\u00e9-inscriptions ouvertes\u00a0\u00bb et \u00ab\u00a0Inscriptions ouvertes\u00a0\u00bb. \ud83d\udc49 Important : Si aucun de ces 3 s\u00e9lecteurs n\u2019est activ\u00e9 (en vert), la sortie n\u2019appara\u00eet pas dans la liste visible [&hellip;]<\/p>\n","protected":false},"author":1,"featured_media":0,"parent":0,"menu_order":0,"comment_status":"closed","ping_status":"closed","template":"","meta":{"footnotes":""},"class_list":["post-262","page","type-page","status-publish","hentry"],"_links":{"self":[{"href":"https:\/\/carmoovix.fr\/index.php?rest_route=\/wp\/v2\/pages\/262","targetHints":{"allow":["GET"]}}],"collection":[{"href":"https:\/\/carmoovix.fr\/index.php?rest_route=\/wp\/v2\/pages"}],"about":[{"href":"https:\/\/carmoovix.fr\/index.php?rest_route=\/wp\/v2\/types\/page"}],"author":[{"embeddable":true,"href":"https:\/\/carmoovix.fr\/index.php?rest_route=\/wp\/v2\/users\/1"}],"replies":[{"embeddable":true,"href":"https:\/\/carmoovix.fr\/index.php?rest_route=%2Fwp%2Fv2%2Fcomments&post=262"}],"version-history":[{"count":4,"href":"https:\/\/carmoovix.fr\/index.php?rest_route=\/wp\/v2\/pages\/262\/revisions"}],"predecessor-version":[{"id":464,"href":"https:\/\/carmoovix.fr\/index.php?rest_route=\/wp\/v2\/pages\/262\/revisions\/464"}],"wp:attachment":[{"href":"https:\/\/carmoovix.fr\/index.php?rest_route=%2Fwp%2Fv2%2Fmedia&parent=262"}],"curies":[{"name":"wp","href":"https:\/\/api.w.org\/{rel}","templated":true}]}}